{"id":5,"date":"2021-11-24T14:38:04","date_gmt":"2021-11-24T13:38:04","guid":{"rendered":"http:\/\/www.rislanehakym.ecrituresinteractiv.es\/?page_id=5"},"modified":"2026-03-27T16:15:47","modified_gmt":"2026-03-27T15:15:47","slug":"journalisme","status":"publish","type":"page","link":"https:\/\/www.rislanehakym.fr\/index.php\/journalisme\/","title":{"rendered":"JOURNALISME"},"content":{"rendered":"\n<h2 class=\"wp-block-heading has-text-align-left\"><em>FESTIVALS<\/em><\/h2>\n\n\n\n<div style=\"height:100px\" aria-hidden=\"true\" class=\"wp-block-spacer\"><\/div>\n\n\n\n<h2 class=\"wp-block-heading has-text-align-center\"><strong>LES RENCONTRES DU R\u00c9EL#12<\/strong><\/h2>\n\n\n\n<p class=\"has-text-align-center\"><em>festival de cin\u00e9ma documentaire organis\u00e9 par L&rsquo;\u0153il Lucide (Cadouin, Dordogne)<\/em><\/p>\n\n\n\n<hr class=\"wp-block-separator has-alpha-channel-opacity is-style-dots\"\/>\n\n\n\n<p class=\"has-text-align-center\"><strong>Entretien avec Cl\u00e9mence Davigo<\/strong>, r\u00e9alisatrice du documentaire <strong><em>Les Oubli\u00e9s de la Belle \u00c9toile<\/em><\/strong>.<\/p>\n\n\n\n<div class=\"wp-block-file\"><\/div>\n\n\n\n<div class=\"wp-block-buttons has-custom-font-size has-medium-font-size is-content-justification-center is-layout-flex wp-container-core-buttons-is-layout-16018d1d wp-block-buttons-is-layout-flex\">\n<div class=\"wp-block-button has-custom-width wp-block-button__width-50 is-style-outline is-style-outline--1\"><a class=\"wp-block-button__link has-medium-font-size has-custom-font-size wp-element-button\" href=\"https:\/\/www.loeillucide.com\/wp-content\/uploads\/2024\/08\/Feuillet_Juin01-CD-web.pdf\" target=\"_blank\" rel=\"noreferrer noopener\">FEUILLET #1<\/a><\/div>\n<\/div>\n\n\n\n<div style=\"height:100px\" aria-hidden=\"true\" class=\"wp-block-spacer\"><\/div>\n\n\n\n<p class=\"has-text-align-center\"><strong>Entretien avec Zo\u00e9 Chantre<\/strong>, artiste plasticienne et r\u00e9alisatrice en MICRO-R\u00e9sidence#3.<\/p>\n\n\n\n<div class=\"wp-block-file\"><\/div>\n\n\n\n<div class=\"wp-block-buttons is-content-justification-center is-layout-flex wp-container-core-buttons-is-layout-16018d1d wp-block-buttons-is-layout-flex\">\n<div class=\"wp-block-button has-custom-width wp-block-button__width-50 is-style-outline is-style-outline--2\"><a class=\"wp-block-button__link has-medium-font-size has-custom-font-size wp-element-button\" href=\"https:\/\/www.loeillucide.com\/wp-content\/uploads\/2024\/08\/Feuillet_Juin02-ZC-web.pdf\" target=\"_blank\" rel=\"noreferrer noopener\">FEUILLET #2<\/a><\/div>\n<\/div>\n\n\n\n<div style=\"height:100px\" aria-hidden=\"true\" class=\"wp-block-spacer\"><\/div>\n\n\n\n<p class=\"has-text-align-center\"><strong>Entretien avec Violette Raineri<\/strong>, r\u00e9alisatrice du documentaire sonore <strong><em>Comment va la voix?<\/em><\/strong>.<\/p>\n\n\n\n<div class=\"wp-block-file\"><\/div>\n\n\n\n<div class=\"wp-block-buttons is-horizontal is-content-justification-center is-layout-flex wp-container-core-buttons-is-layout-ddb39544 wp-block-buttons-is-layout-flex\">\n<div class=\"wp-block-button has-custom-width wp-block-button__width-50 is-style-outline is-style-outline--3\"><a class=\"wp-block-button__link has-medium-font-size has-custom-font-size wp-element-button\" href=\"https:\/\/www.loeillucide.com\/wp-content\/uploads\/2024\/08\/Feuillet_Juin03-VR-pour_site.pdf\" target=\"_blank\" rel=\"noreferrer noopener\">FEUILLET #3<\/a><\/div>\n<\/div>\n\n\n\n<div style=\"height:100px\" aria-hidden=\"true\" class=\"wp-block-spacer\"><\/div>\n\n\n\n<h2 class=\"wp-block-heading has-text-align-center\"><strong>R\u00c9SISTANCES<\/strong><\/h2>\n\n\n\n<p class=\"has-text-align-center\"><em>R\u00e9daction du dossier de presse de la 27\u00e8me \u00e9dition du festival R\u00e9sistances (Foix, Ari\u00e8ge).<\/em><\/p>\n\n\n\n<div class=\"wp-block-file\"><\/div>\n\n\n\n<div class=\"wp-block-buttons is-content-justification-center is-layout-flex wp-container-core-buttons-is-layout-16018d1d wp-block-buttons-is-layout-flex\">\n<div class=\"wp-block-button has-custom-width wp-block-button__width-50 is-style-outline is-style-outline--4\"><a class=\"wp-block-button__link has-medium-font-size has-custom-font-size wp-element-button\" href=\"https:\/\/festival-resistances.fr\/wp-content\/uploads\/Dossier-de-presse-festival-Resistances-2023-web-2.pdf\" target=\"_blank\" rel=\"noreferrer noopener\">DOSSIER DE PRESSE 2023<\/a><\/div>\n<\/div>\n\n\n\n<div style=\"height:100px\" aria-hidden=\"true\" class=\"wp-block-spacer\"><\/div>\n\n\n\n<h2 class=\"wp-block-heading\"><em>REPORTAGES<\/em><\/h2>\n\n\n\n<div style=\"height:100px\" aria-hidden=\"true\" class=\"wp-block-spacer\"><\/div>\n\n\n\n<h2 class=\"wp-block-heading has-text-align-center\"><strong>Manifestation de soutien au peuple ukrainien<\/strong><\/h2>\n\n\n\n<p class=\"has-text-align-center\">journaliste reporter d&rsquo;images<\/p>\n\n\n\n<p>Sur la Place de la R\u00e9publique \u00e0 Paris, se tenait une manifestation en soutien au peuple ukrainien, ce jeudi 24 f\u00e9vrier. Ce rassemblement a eu lieu en r\u00e9ponse \u00e0 l\u2019invasion de l\u2019Ukraine par la Russie. Une vague de contestation dans plusieurs villes dans le monde.<\/p>\n\n\n\n<p><\/p>\n\n\n\n<figure class=\"wp-block-embed is-type-video is-provider-youtube wp-block-embed-youtube wp-embed-aspect-16-9 wp-has-aspect-ratio\"><div class=\"wp-block-embed__wrapper\">\n<iframe loading=\"lazy\" title=\"REPORTAGE :  Manifestation de soutien au peuple ukrainien\" width=\"780\" height=\"439\" src=\"https:\/\/www.youtube.com\/embed\/OyejCXAp7gg?feature=oembed\" frameborder=\"0\" allow=\"accelerometer; autoplay; clipboard-write; encrypted-media; gyroscope; picture-in-picture; web-share\" referrerpolicy=\"strict-origin-when-cross-origin\" allowfullscreen><\/iframe>\n<\/div><\/figure>\n\n\n\n<div style=\"height:100px\" aria-hidden=\"true\" class=\"wp-block-spacer\"><\/div>\n\n\n\n<h2 class=\"wp-block-heading has-text-align-center\"><strong>La censure journalistique aux \u00c9mirats Arabes Unis<\/strong><\/h2>\n\n\n\n<p class=\"has-text-align-center\">journaliste<\/p>\n\n\n\n<p>Rencontre avec Talek Harris, chef du bureau de l\u2019AFP aux \u00c9mirats Arabes Unis. J&rsquo;ai eu l&rsquo;opportunit\u00e9 de le questionner autour du m\u00e9tier de journaliste pratiqu\u00e9 aux EAU.<\/p>\n\n\n\n<figure class=\"wp-block-embed is-type-video is-provider-youtube wp-block-embed-youtube wp-embed-aspect-16-9 wp-has-aspect-ratio\"><div class=\"wp-block-embed__wrapper\">\n<iframe loading=\"lazy\" title=\"Interview \u00e0 l&#039;AFP : \u00eatre un journaliste aux EAU\" width=\"780\" height=\"439\" src=\"https:\/\/www.youtube.com\/embed\/NFcleIF5G5c?feature=oembed\" frameborder=\"0\" allow=\"accelerometer; autoplay; clipboard-write; encrypted-media; gyroscope; picture-in-picture; web-share\" referrerpolicy=\"strict-origin-when-cross-origin\" allowfullscreen><\/iframe>\n<\/div><\/figure>\n\n\n\n<div style=\"height:100px\" aria-hidden=\"true\" class=\"wp-block-spacer\"><\/div>\n\n\n\n<h2 class=\"wp-block-heading has-text-align-center\"><strong>L&rsquo;hybridation des jardins de S\u00e9ville \u00e0 Paris <\/strong><\/h2>\n\n\n\n<p class=\"has-text-align-center\">journaliste reporter d&rsquo;images<\/p>\n\n\n\n<p>Nous nous sommes int\u00e9ress\u00e9s au m\u00e9lange de culture qu\u2019il peut  y avoir au sein des jardins. En Espagne, nous retrouvons une culture \u201cS\u00e9villane\u201d dans les jardins, qui reprend les codes religieux (chr\u00e9tiens et musulmans) et architecturaux des pr\u00e9c\u00e9dents occupants. <\/p>\n\n\n\n<p>En France \u00e0 Saint Ouen, au milieu de la porte de Clignancourt se cache un jardin qui \u00e0 pris possession d\u2019une ancienne station. Il est un m\u00e9lange singulier entre une friche urbaine et son renouveau \u00e9cologique.&nbsp;<\/p>\n\n\n\n<figure class=\"wp-block-embed is-type-video is-provider-youtube wp-block-embed-youtube wp-embed-aspect-16-9 wp-has-aspect-ratio\"><div class=\"wp-block-embed__wrapper\">\n<iframe loading=\"lazy\" title=\"Reportage : L&#039;hybridation des jardins de S\u00e9ville \u00e0 Paris\" width=\"780\" height=\"439\" src=\"https:\/\/www.youtube.com\/embed\/yW8qPf_xWGA?feature=oembed\" frameborder=\"0\" allow=\"accelerometer; autoplay; clipboard-write; encrypted-media; gyroscope; picture-in-picture; web-share\" referrerpolicy=\"strict-origin-when-cross-origin\" allowfullscreen><\/iframe>\n<\/div><\/figure>\n\n\n\n<div style=\"height:100px\" aria-hidden=\"true\" class=\"wp-block-spacer\"><\/div>\n\n\n\n<h2 class=\"wp-block-heading has-text-align-center\"><strong>P\u00e9nurie de papier, une menace pour No\u00ebl 2021 ? <\/strong><\/h2>\n\n\n\n<p class=\"has-text-align-center\">journaliste reporter d&rsquo;images<\/p>\n\n\n\n<p>Reportage r\u00e9alis\u00e9 au salon du livre et de la presse jeunesse de Montreuil. Nous sommes all\u00e9s \u00e0 la rencontre d&rsquo;\u00e9diteur.ice.s pour les questionner au sujet de la p\u00e9nurie et en quelle mani\u00e8re elle peut impacter les ventes pendant  les f\u00eates de fin d&rsquo;ann\u00e9e. <\/p>\n\n\n\n<div class=\"wp-block-group alignwide\"><div class=\"wp-block-group__inner-container is-layout-constrained wp-block-group-is-layout-constrained\">\n<div class=\"wp-block-columns alignwide are-vertically-aligned-center is-style-twentytwentyone-columns-overlap is-layout-flex wp-container-core-columns-is-layout-9d6595d7 wp-block-columns-is-layout-flex\">\n<div class=\"wp-block-column is-vertically-aligned-center is-layout-flow wp-block-column-is-layout-flow\">\n<div class=\"wp-block-columns is-layout-flex wp-container-core-columns-is-layout-9d6595d7 wp-block-columns-is-layout-flex\">\n<div class=\"wp-block-column is-layout-flow wp-block-column-is-layout-flow\" style=\"flex-basis:100%\">\n<figure class=\"wp-block-embed is-type-video is-provider-youtube wp-block-embed-youtube wp-embed-aspect-16-9 wp-has-aspect-ratio\"><div class=\"wp-block-embed__wrapper\">\n<iframe loading=\"lazy\" title=\"REPORTAGE &quot;p\u00e9nurie de papier, une menace pour No\u00ebl 2021 ?&quot;\" width=\"780\" height=\"439\" src=\"https:\/\/www.youtube.com\/embed\/Oyjk7fYicgQ?feature=oembed\" frameborder=\"0\" allow=\"accelerometer; autoplay; clipboard-write; encrypted-media; gyroscope; picture-in-picture; web-share\" referrerpolicy=\"strict-origin-when-cross-origin\" allowfullscreen><\/iframe>\n<\/div><\/figure>\n<\/div>\n<\/div>\n<\/div>\n<\/div>\n<\/div><\/div>\n\n\n\n<div style=\"height:100px\" aria-hidden=\"true\" class=\"wp-block-spacer\"><\/div>\n\n\n\n<h2 class=\"wp-block-heading has-text-align-center\"><strong>La valorisation de l&rsquo;art exp\u00e9rimental en r\u00e9gion parisienne<\/strong><\/h2>\n\n\n\n<p class=\"has-text-align-center\">journaliste reporter d&rsquo;images<\/p>\n\n\n\n<p>Le festival OVNI a attir\u00e9 notre attention, il s\u2019agit de la premi\u00e8re \u00e9dition de cette balade artistique au c\u0153ur de l\u2019art exp\u00e9rimental. Avec un nom intriguant \u201c Objets Vivants Non Identifi\u00e9s\u201d nous nous sommes accord\u00e9s sur l\u2019angle suivant : la valorisation de l\u2019art exp\u00e9rimental en r\u00e9gion parisienne.<\/p>\n\n\n\n<figure class=\"wp-block-video\"><video height=\"1080\" style=\"aspect-ratio: 1920 \/ 1080;\" width=\"1920\" controls src=\"https:\/\/www.rislanehakym.fr\/wp-content\/uploads\/2021\/12\/Reportage-FESTIVAL-OVNI.mp4\"><\/video><\/figure>\n\n\n\n<div style=\"height:100px\" aria-hidden=\"true\" class=\"wp-block-spacer\"><\/div>\n","protected":false},"excerpt":{"rendered":"<p>FESTIVALS LES RENCONTRES DU R\u00c9EL#12 festival de cin\u00e9ma documentaire organis\u00e9 par L&rsquo;\u0153il Lucide (Cadouin, Dordogne) Entretien avec Cl\u00e9mence Davigo, r\u00e9alisatrice du documentaire Les Oubli\u00e9s de la Belle \u00c9toile. Entretien avec Zo\u00e9 Chantre, artiste plasticienne et r\u00e9alisatrice en MICRO-R\u00e9sidence#3. Entretien avec Violette Raineri, r\u00e9alisatrice du documentaire sonore Comment va la voix?. R\u00c9SISTANCES R\u00e9daction du dossier de &hellip; <\/p>\n","protected":false},"author":1,"featured_media":864,"parent":0,"menu_order":0,"comment_status":"closed","ping_status":"closed","template":"","meta":{"footnotes":""},"class_list":["post-5","page","type-page","status-publish","has-post-thumbnail","hentry"],"yoast_head":"<!-- This site is optimized with the Yoast SEO plugin v23.1 - https:\/\/yoast.com\/wordpress\/plugins\/seo\/ -->\n<title>JOURNALISME - RISLANE HAKYM<\/title>\n<meta name=\"robots\" content=\"index, follow, max-snippet:-1, max-image-preview:large, max-video-preview:-1\" \/>\n<link rel=\"canonical\" href=\"https:\/\/www.rislanehakym.fr\/index.php\/journalisme\/\" \/>\n<meta property=\"og:locale\" content=\"fr_FR\" \/>\n<meta property=\"og:type\" content=\"article\" \/>\n<meta property=\"og:title\" content=\"JOURNALISME - RISLANE HAKYM\" \/>\n<meta property=\"og:description\" content=\"FESTIVALS LES RENCONTRES DU R\u00c9EL#12 festival de cin\u00e9ma documentaire organis\u00e9 par L&rsquo;\u0153il Lucide (Cadouin, Dordogne) Entretien avec Cl\u00e9mence Davigo, r\u00e9alisatrice du documentaire Les Oubli\u00e9s de la Belle \u00c9toile. Entretien avec Zo\u00e9 Chantre, artiste plasticienne et r\u00e9alisatrice en MICRO-R\u00e9sidence#3. Entretien avec Violette Raineri, r\u00e9alisatrice du documentaire sonore Comment va la voix?. R\u00c9SISTANCES R\u00e9daction du dossier de &hellip;\" \/>\n<meta property=\"og:url\" content=\"https:\/\/www.rislanehakym.fr\/index.php\/journalisme\/\" \/>\n<meta property=\"og:site_name\" content=\"RISLANE HAKYM\" \/>\n<meta property=\"article:modified_time\" content=\"2026-03-27T15:15:47+00:00\" \/>\n<meta property=\"og:image\" content=\"https:\/\/www.rislanehakym.fr\/wp-content\/uploads\/2024\/09\/matos-enregistrement.jpg\" \/>\n\t<meta property=\"og:image:width\" content=\"2000\" \/>\n\t<meta property=\"og:image:height\" content=\"1045\" \/>\n\t<meta property=\"og:image:type\" content=\"image\/jpeg\" \/>\n<meta name=\"twitter:card\" content=\"summary_large_image\" \/>\n<meta name=\"twitter:label1\" content=\"Dur\u00e9e de lecture estim\u00e9e\" \/>\n\t<meta name=\"twitter:data1\" content=\"3 minutes\" \/>\n<script type=\"application\/ld+json\" class=\"yoast-schema-graph\">{\"@context\":\"https:\/\/schema.org\",\"@graph\":[{\"@type\":\"WebPage\",\"@id\":\"https:\/\/www.rislanehakym.fr\/index.php\/journalisme\/\",\"url\":\"https:\/\/www.rislanehakym.fr\/index.php\/journalisme\/\",\"name\":\"JOURNALISME - RISLANE HAKYM\",\"isPartOf\":{\"@id\":\"https:\/\/www.rislanehakym.fr\/#website\"},\"primaryImageOfPage\":{\"@id\":\"https:\/\/www.rislanehakym.fr\/index.php\/journalisme\/#primaryimage\"},\"image\":{\"@id\":\"https:\/\/www.rislanehakym.fr\/index.php\/journalisme\/#primaryimage\"},\"thumbnailUrl\":\"https:\/\/www.rislanehakym.fr\/wp-content\/uploads\/2024\/09\/matos-enregistrement.jpg\",\"datePublished\":\"2021-11-24T13:38:04+00:00\",\"dateModified\":\"2026-03-27T15:15:47+00:00\",\"breadcrumb\":{\"@id\":\"https:\/\/www.rislanehakym.fr\/index.php\/journalisme\/#breadcrumb\"},\"inLanguage\":\"fr-FR\",\"potentialAction\":[{\"@type\":\"ReadAction\",\"target\":[\"https:\/\/www.rislanehakym.fr\/index.php\/journalisme\/\"]}]},{\"@type\":\"ImageObject\",\"inLanguage\":\"fr-FR\",\"@id\":\"https:\/\/www.rislanehakym.fr\/index.php\/journalisme\/#primaryimage\",\"url\":\"https:\/\/www.rislanehakym.fr\/wp-content\/uploads\/2024\/09\/matos-enregistrement.jpg\",\"contentUrl\":\"https:\/\/www.rislanehakym.fr\/wp-content\/uploads\/2024\/09\/matos-enregistrement.jpg\",\"width\":2000,\"height\":1045},{\"@type\":\"BreadcrumbList\",\"@id\":\"https:\/\/www.rislanehakym.fr\/index.php\/journalisme\/#breadcrumb\",\"itemListElement\":[{\"@type\":\"ListItem\",\"position\":1,\"name\":\"Accueil\",\"item\":\"https:\/\/www.rislanehakym.fr\/\"},{\"@type\":\"ListItem\",\"position\":2,\"name\":\"JOURNALISME\"}]},{\"@type\":\"WebSite\",\"@id\":\"https:\/\/www.rislanehakym.fr\/#website\",\"url\":\"https:\/\/www.rislanehakym.fr\/\",\"name\":\"Rislane HAKYM\",\"description\":\"\",\"publisher\":{\"@id\":\"https:\/\/www.rislanehakym.fr\/#organization\"},\"potentialAction\":[{\"@type\":\"SearchAction\",\"target\":{\"@type\":\"EntryPoint\",\"urlTemplate\":\"https:\/\/www.rislanehakym.fr\/?s={search_term_string}\"},\"query-input\":\"required name=search_term_string\"}],\"inLanguage\":\"fr-FR\"},{\"@type\":\"Organization\",\"@id\":\"https:\/\/www.rislanehakym.fr\/#organization\",\"name\":\"Rislane HAKYM\",\"url\":\"https:\/\/www.rislanehakym.fr\/\",\"logo\":{\"@type\":\"ImageObject\",\"inLanguage\":\"fr-FR\",\"@id\":\"https:\/\/www.rislanehakym.fr\/#\/schema\/logo\/image\/\",\"url\":\"https:\/\/www.rislanehakym.fr\/wp-content\/uploads\/2025\/10\/adhoc.jpg\",\"contentUrl\":\"https:\/\/www.rislanehakym.fr\/wp-content\/uploads\/2025\/10\/adhoc.jpg\",\"width\":2000,\"height\":1008,\"caption\":\"Rislane HAKYM\"},\"image\":{\"@id\":\"https:\/\/www.rislanehakym.fr\/#\/schema\/logo\/image\/\"}}]}<\/script>\n<!-- \/ Yoast SEO plugin. -->","yoast_head_json":{"title":"JOURNALISME - RISLANE HAKYM","robots":{"index":"index","follow":"follow","max-snippet":"max-snippet:-1","max-image-preview":"max-image-preview:large","max-video-preview":"max-video-preview:-1"},"canonical":"https:\/\/www.rislanehakym.fr\/index.php\/journalisme\/","og_locale":"fr_FR","og_type":"article","og_title":"JOURNALISME - RISLANE HAKYM","og_description":"FESTIVALS LES RENCONTRES DU R\u00c9EL#12 festival de cin\u00e9ma documentaire organis\u00e9 par L&rsquo;\u0153il Lucide (Cadouin, Dordogne) Entretien avec Cl\u00e9mence Davigo, r\u00e9alisatrice du documentaire Les Oubli\u00e9s de la Belle \u00c9toile. Entretien avec Zo\u00e9 Chantre, artiste plasticienne et r\u00e9alisatrice en MICRO-R\u00e9sidence#3. Entretien avec Violette Raineri, r\u00e9alisatrice du documentaire sonore Comment va la voix?. R\u00c9SISTANCES R\u00e9daction du dossier de &hellip;","og_url":"https:\/\/www.rislanehakym.fr\/index.php\/journalisme\/","og_site_name":"RISLANE HAKYM","article_modified_time":"2026-03-27T15:15:47+00:00","og_image":[{"width":2000,"height":1045,"url":"https:\/\/www.rislanehakym.fr\/wp-content\/uploads\/2024\/09\/matos-enregistrement.jpg","type":"image\/jpeg"}],"twitter_card":"summary_large_image","twitter_misc":{"Dur\u00e9e de lecture estim\u00e9e":"3 minutes"},"schema":{"@context":"https:\/\/schema.org","@graph":[{"@type":"WebPage","@id":"https:\/\/www.rislanehakym.fr\/index.php\/journalisme\/","url":"https:\/\/www.rislanehakym.fr\/index.php\/journalisme\/","name":"JOURNALISME - RISLANE HAKYM","isPartOf":{"@id":"https:\/\/www.rislanehakym.fr\/#website"},"primaryImageOfPage":{"@id":"https:\/\/www.rislanehakym.fr\/index.php\/journalisme\/#primaryimage"},"image":{"@id":"https:\/\/www.rislanehakym.fr\/index.php\/journalisme\/#primaryimage"},"thumbnailUrl":"https:\/\/www.rislanehakym.fr\/wp-content\/uploads\/2024\/09\/matos-enregistrement.jpg","datePublished":"2021-11-24T13:38:04+00:00","dateModified":"2026-03-27T15:15:47+00:00","breadcrumb":{"@id":"https:\/\/www.rislanehakym.fr\/index.php\/journalisme\/#breadcrumb"},"inLanguage":"fr-FR","potentialAction":[{"@type":"ReadAction","target":["https:\/\/www.rislanehakym.fr\/index.php\/journalisme\/"]}]},{"@type":"ImageObject","inLanguage":"fr-FR","@id":"https:\/\/www.rislanehakym.fr\/index.php\/journalisme\/#primaryimage","url":"https:\/\/www.rislanehakym.fr\/wp-content\/uploads\/2024\/09\/matos-enregistrement.jpg","contentUrl":"https:\/\/www.rislanehakym.fr\/wp-content\/uploads\/2024\/09\/matos-enregistrement.jpg","width":2000,"height":1045},{"@type":"BreadcrumbList","@id":"https:\/\/www.rislanehakym.fr\/index.php\/journalisme\/#breadcrumb","itemListElement":[{"@type":"ListItem","position":1,"name":"Accueil","item":"https:\/\/www.rislanehakym.fr\/"},{"@type":"ListItem","position":2,"name":"JOURNALISME"}]},{"@type":"WebSite","@id":"https:\/\/www.rislanehakym.fr\/#website","url":"https:\/\/www.rislanehakym.fr\/","name":"Rislane HAKYM","description":"","publisher":{"@id":"https:\/\/www.rislanehakym.fr\/#organization"},"potentialAction":[{"@type":"SearchAction","target":{"@type":"EntryPoint","urlTemplate":"https:\/\/www.rislanehakym.fr\/?s={search_term_string}"},"query-input":"required name=search_term_string"}],"inLanguage":"fr-FR"},{"@type":"Organization","@id":"https:\/\/www.rislanehakym.fr\/#organization","name":"Rislane HAKYM","url":"https:\/\/www.rislanehakym.fr\/","logo":{"@type":"ImageObject","inLanguage":"fr-FR","@id":"https:\/\/www.rislanehakym.fr\/#\/schema\/logo\/image\/","url":"https:\/\/www.rislanehakym.fr\/wp-content\/uploads\/2025\/10\/adhoc.jpg","contentUrl":"https:\/\/www.rislanehakym.fr\/wp-content\/uploads\/2025\/10\/adhoc.jpg","width":2000,"height":1008,"caption":"Rislane HAKYM"},"image":{"@id":"https:\/\/www.rislanehakym.fr\/#\/schema\/logo\/image\/"}}]}},"_links":{"self":[{"href":"https:\/\/www.rislanehakym.fr\/index.php\/wp-json\/wp\/v2\/pages\/5","targetHints":{"allow":["GET"]}}],"collection":[{"href":"https:\/\/www.rislanehakym.fr\/index.php\/wp-json\/wp\/v2\/pages"}],"about":[{"href":"https:\/\/www.rislanehakym.fr\/index.php\/wp-json\/wp\/v2\/types\/page"}],"author":[{"embeddable":true,"href":"https:\/\/www.rislanehakym.fr\/index.php\/wp-json\/wp\/v2\/users\/1"}],"replies":[{"embeddable":true,"href":"https:\/\/www.rislanehakym.fr\/index.php\/wp-json\/wp\/v2\/comments?post=5"}],"version-history":[{"count":93,"href":"https:\/\/www.rislanehakym.fr\/index.php\/wp-json\/wp\/v2\/pages\/5\/revisions"}],"predecessor-version":[{"id":1235,"href":"https:\/\/www.rislanehakym.fr\/index.php\/wp-json\/wp\/v2\/pages\/5\/revisions\/1235"}],"wp:featuredmedia":[{"embeddable":true,"href":"https:\/\/www.rislanehakym.fr\/index.php\/wp-json\/wp\/v2\/media\/864"}],"wp:attachment":[{"href":"https:\/\/www.rislanehakym.fr\/index.php\/wp-json\/wp\/v2\/media?parent=5"}],"curies":[{"name":"wp","href":"https:\/\/api.w.org\/{rel}","templated":true}]}}