{"id":211,"date":"2021-12-12T20:47:54","date_gmt":"2021-12-12T19:47:54","guid":{"rendered":"http:\/\/www.rislanehakym.ecrituresinteractiv.es\/?page_id=211"},"modified":"2026-03-27T15:36:27","modified_gmt":"2026-03-27T14:36:27","slug":"documentaires","status":"publish","type":"page","link":"https:\/\/www.rislanehakym.fr\/index.php\/documentaires\/","title":{"rendered":"DOCUMENTAIRES"},"content":{"rendered":"\n<div style=\"height:100px\" aria-hidden=\"true\" class=\"wp-block-spacer\"><\/div>\n\n\n\n<h2 class=\"wp-block-heading has-text-align-center\"><strong>HISTOIRE DU BOUC<\/strong><\/h2>\n\n\n\n<p class=\"has-text-align-center\">20 minutes 30 \u2013&nbsp;<em>DOCU-FICTION<\/em><\/p>\n\n\n\n<p class=\"has-text-align-center\">assistante r\u00e9alisatrice<\/p>\n\n\n\n<p class=\"has-text-align-left\"><strong><em>Un bouc errant dans une ville sans nom, un fant\u00f4me&nbsp;qui hante les automobilistes, un diable et un paysan,&nbsp;une animatrice radio et un ch\u0153ur de mineurs polonais.&nbsp;Il y a aussi une autre histoire qui se raconte en arri\u00e8re-plan :&nbsp;celle d\u2019Usinor, dont la fermeture \u00e0&nbsp;la fin des ann\u00e9es 1980&nbsp;a marqu\u00e9 la r\u00e9gion au fer rouge.<\/em><\/strong><\/p>\n\n\n\n<p><strong>\u201c<\/strong><em>HISTOIRE DU BOUC<\/em><strong>\u201d<\/strong>&nbsp;est un collage entre fiction et documentaire r\u00e9alis\u00e9 par la compagnie \u201cLa Phenomena\u201c.&nbsp; Pendant trois ans, la compagnie a \u00e9t\u00e9 en r\u00e9sidence dans le bassin minier autour de Valenciennes.&nbsp;Ce film est la tentative de transposer \u00e0 l\u2019\u00e9cran une m\u00e9thode de cr\u00e9ation pour le th\u00e9\u00e2tre.<\/p>\n\n\n\n<figure class=\"wp-block-embed aligncenter is-type-video is-provider-youtube wp-block-embed-youtube wp-embed-aspect-16-9 wp-has-aspect-ratio\"><div class=\"wp-block-embed__wrapper\">\n<iframe loading=\"lazy\" title=\"histoire du bouc 2160p\" width=\"780\" height=\"439\" src=\"https:\/\/www.youtube.com\/embed\/p2dQzbdU5wo?feature=oembed\" frameborder=\"0\" allow=\"accelerometer; autoplay; clipboard-write; encrypted-media; gyroscope; picture-in-picture; web-share\" referrerpolicy=\"strict-origin-when-cross-origin\" allowfullscreen><\/iframe>\n<\/div><\/figure>\n\n\n\n<div style=\"height:100px\" aria-hidden=\"true\" class=\"wp-block-spacer\"><\/div>\n\n\n\n<h2 class=\"wp-block-heading has-text-align-center\"><strong>SEXUALIT\u00c9 ET HANDICAP : L&rsquo;injuste fracture<\/strong><\/h2>\n\n\n\n<p class=\"has-text-align-center\">6 minutes 16<\/p>\n\n\n\n<p class=\"has-text-align-center\">r\u00e9alisatrice<\/p>\n\n\n\n<p>Documentaire co-r\u00e9alis\u00e9 avec Alicia Trotin, dans le cadre de notre licence professionnelle en journalisme audiovisuel \u00e0 Paris VIII. Le th\u00e8me portait sur la fracture, nous souhaitions explorer les fronti\u00e8res juridiques qui entravent la pratique de l\u2019assistance sexuelle en France, r\u00e9pondant aux besoins primaires des personnes en situation de handicap.<\/p>\n\n\n\n<figure class=\"wp-block-embed is-type-video is-provider-youtube wp-block-embed-youtube wp-embed-aspect-16-9 wp-has-aspect-ratio\"><div class=\"wp-block-embed__wrapper\">\n<iframe loading=\"lazy\" title=\"SEXUALIT\u00c9 ET HANDICAP : L&#039;injuste fracture\" width=\"780\" height=\"439\" src=\"https:\/\/www.youtube.com\/embed\/LB8XuY_VHIE?feature=oembed\" frameborder=\"0\" allow=\"accelerometer; autoplay; clipboard-write; encrypted-media; gyroscope; picture-in-picture; web-share\" referrerpolicy=\"strict-origin-when-cross-origin\" allowfullscreen><\/iframe>\n<\/div><\/figure>\n\n\n\n<div style=\"height:100px\" aria-hidden=\"true\" class=\"wp-block-spacer\"><\/div>\n\n\n\n<h2 class=\"wp-block-heading has-text-align-center\"><strong>RENCONTRE AVEC MOTS ET MERVEILLES<\/strong><\/h2>\n\n\n\n<p class=\"has-text-align-center\">15 minutes 02<\/p>\n\n\n\n<p class=\"has-text-align-center\">cadreuse \/\/ monteuse<\/p>\n\n\n\n<p>Documentaire r\u00e9alis\u00e9 avec MOTS ET MERVEILLES, association de lutte contre l&rsquo;illettrisme \u00e0 Feignies. Nicolas Delfort, fondateur de LOSANGE NOIR, a encadr\u00e9 ce projet : conception d\u2019un texte commun, composition musicale et enregistrement en studio.<\/p>\n\n\n\n<figure class=\"wp-block-embed is-type-video is-provider-youtube wp-block-embed-youtube wp-embed-aspect-16-9 wp-has-aspect-ratio\"><div class=\"wp-block-embed__wrapper\">\n<iframe loading=\"lazy\" title=\"Rencontre avec Mots &amp; Merveilles\" width=\"780\" height=\"439\" src=\"https:\/\/www.youtube.com\/embed\/pPHlQhFScmc?feature=oembed\" frameborder=\"0\" allow=\"accelerometer; autoplay; clipboard-write; encrypted-media; gyroscope; picture-in-picture; web-share\" referrerpolicy=\"strict-origin-when-cross-origin\" allowfullscreen><\/iframe>\n<\/div><\/figure>\n\n\n\n<div style=\"height:100px\" aria-hidden=\"true\" class=\"wp-block-spacer\"><\/div>\n\n\n\n<h2 class=\"wp-block-heading has-text-align-center\">BON POUR UN TOUR<\/h2>\n\n\n\n<p class=\"has-text-align-center\">5 minutes 33<\/p>\n\n\n\n<p class=\"has-text-align-center\">co-r\u00e9alisatrice<\/p>\n\n\n\n<p><strong><em>Industriel forain, c\u2019est un m\u00e9tier de passion et de famille, transmis de p\u00e8re en fils pour Damien comme pour Jean-Paul. Tous deux parcourent la Charente avec leur man\u00e8ge et attractions, passant de villes en villages, de pompons en auto-tamponneuses.<\/em><\/strong><\/p>\n\n\n\n<p><em>Court-m\u00e9trage documentaire anim\u00e9 r\u00e9alis\u00e9 dans le cadre de l&rsquo;atelier \u00ab\u00a0\u00e0 propos du r\u00e9el\u00a0\u00bb, un partenariat EMCA\/CREADOC.<\/em><\/p>\n\n\n\n<figure class=\"wp-block-embed is-type-video is-provider-youtube wp-block-embed-youtube wp-embed-aspect-16-9 wp-has-aspect-ratio\"><div class=\"wp-block-embed__wrapper\">\n<iframe loading=\"lazy\" title=\"BON POUR UN TOUR - court-m\u00e9trage documentaire anim\u00e9\" width=\"780\" height=\"439\" src=\"https:\/\/www.youtube.com\/embed\/U1PaAhF_e1E?feature=oembed\" frameborder=\"0\" allow=\"accelerometer; autoplay; clipboard-write; encrypted-media; gyroscope; picture-in-picture; web-share\" referrerpolicy=\"strict-origin-when-cross-origin\" allowfullscreen><\/iframe>\n<\/div><\/figure>\n\n\n\n<div style=\"height:100px\" aria-hidden=\"true\" class=\"wp-block-spacer\"><\/div>\n\n\n\n<h2 class=\"wp-block-heading has-text-align-center\"><strong>LOFFRE, UN VILLAGE EN PLEIN COEUR DE L&rsquo;OSTREVENT<\/strong><\/h2>\n\n\n\n<p class=\"has-text-align-center\">10 minutes 23 <\/p>\n\n\n\n<p class=\"has-text-align-center\">r\u00e9alisatrice &#8211; coordinatrice d&rsquo;ateliers audiovisuels<\/p>\n\n\n\n<p>Avec Losange Noir, nous avons \u00e9t\u00e9 sollicit\u00e9s par la Communaut\u00e9 de Communes C\u0153ur d&rsquo;Ostrevent, pour mener un projet avec les jeunes du centre de loisirs de Loffre. Le groupe de Loffrien.nes a d\u00e9couvert comment l&rsquo;on peut raconter son village, \u00e0 travers un court documentaire.<\/p>\n\n\n\n<figure class=\"wp-block-embed is-type-video is-provider-youtube wp-block-embed-youtube wp-embed-aspect-16-9 wp-has-aspect-ratio\"><div class=\"wp-block-embed__wrapper\">\n<iframe loading=\"lazy\" title=\"Loffre - Un village en plein coeur de l&#039;Ostrevent\" width=\"780\" height=\"439\" src=\"https:\/\/www.youtube.com\/embed\/xkHWRGPaRY4?feature=oembed\" frameborder=\"0\" allow=\"accelerometer; autoplay; clipboard-write; encrypted-media; gyroscope; picture-in-picture; web-share\" referrerpolicy=\"strict-origin-when-cross-origin\" allowfullscreen><\/iframe>\n<\/div><\/figure>\n\n\n\n<div style=\"height:100px\" aria-hidden=\"true\" class=\"wp-block-spacer\"><\/div>\n\n\n\n<h2 class=\"wp-block-heading has-text-align-center\"><strong>DANS MA BULLE<\/strong><\/h2>\n\n\n\n<p class=\"has-text-align-center\">3 minutes 30<\/p>\n\n\n\n<p class=\"has-text-align-center\">r\u00e9alisatrice \/\/ monteuse<\/p>\n\n\n\n<p>\u201c<em>DANS MA BULLE<\/em>\u201d, se veut \u00eatre un portrait repr\u00e9sentant une tranche de vie, celle d\u2019un jeune homme ambitieux, aux grands r\u00eaves et \u00e0 la vie quelque peu tourment\u00e9e. SkinnyBoiyz oscille entre des \u00e9tudes qui le passionnent peu et sa carri\u00e8re de rappeur en construction.<\/p>\n\n\n\n<figure class=\"wp-block-embed is-type-video is-provider-youtube wp-block-embed-youtube wp-embed-aspect-16-9 wp-has-aspect-ratio\"><div class=\"wp-block-embed__wrapper\">\n<iframe loading=\"lazy\" title=\"DANS MA BULLE - portrait\" width=\"780\" height=\"439\" src=\"https:\/\/www.youtube.com\/embed\/RHE77qAiRDY?feature=oembed\" frameborder=\"0\" allow=\"accelerometer; autoplay; clipboard-write; encrypted-media; gyroscope; picture-in-picture; web-share\" referrerpolicy=\"strict-origin-when-cross-origin\" allowfullscreen><\/iframe>\n<\/div><\/figure>\n\n\n\n<div style=\"height:100px\" aria-hidden=\"true\" class=\"wp-block-spacer\"><\/div>\n\n\n\n<h2 class=\"wp-block-heading has-text-align-center\"><strong>RUBEN, la fronti\u00e8re de l&rsquo;autisme<\/strong><\/h2>\n\n\n\n<p class=\"has-text-align-center\">2 minutes 43<\/p>\n\n\n\n<p class=\"has-text-align-center\">r\u00e9alisatrice \/\/ monteuse<\/p>\n\n\n\n<p><\/p>\n\n\n\n<p>Portrait documentaire de Ruben, un jeune gar\u00e7on atteint d&rsquo;autisme non-verbal. Il suit la m\u00e9thode des 3i. dispens\u00e9e par les b\u00e9n\u00e9voles de l&rsquo;association AEVE (Autisme Espoir Vers l&rsquo;Ecole).<\/p>\n\n\n\n<figure class=\"wp-block-embed is-type-video is-provider-youtube wp-block-embed-youtube wp-embed-aspect-16-9 wp-has-aspect-ratio\"><div class=\"wp-block-embed__wrapper\">\n<iframe loading=\"lazy\" title=\"RUBEN, la fronti\u00e8re de l&#039;autisme\" width=\"780\" height=\"439\" src=\"https:\/\/www.youtube.com\/embed\/u3x8jhn7bV8?feature=oembed\" frameborder=\"0\" allow=\"accelerometer; autoplay; clipboard-write; encrypted-media; gyroscope; picture-in-picture; web-share\" referrerpolicy=\"strict-origin-when-cross-origin\" allowfullscreen><\/iframe>\n<\/div><\/figure>\n\n\n\n<div style=\"height:100px\" aria-hidden=\"true\" class=\"wp-block-spacer\"><\/div>\n\n\n\n<h2 class=\"wp-block-heading has-text-align-center\"><strong>NAPPE SONORE<\/strong><\/h2>\n\n\n\n<p class=\"has-text-align-center\">3 minutes&nbsp;<\/p>\n\n\n\n<p class=\"has-text-align-center\">r\u00e9alisatrice \/\/ monteuse<\/p>\n\n\n\n<p><\/p>\n\n\n\n<p>D\u00e9cortication du processus de cr\u00e9ation sonore de St\u00e9phan LHUILLERY &#8211; \u00e9tudiant en son, passionn\u00e9 de musique.<\/p>\n\n\n\n<figure class=\"wp-block-embed is-type-video is-provider-youtube wp-block-embed-youtube wp-embed-aspect-16-9 wp-has-aspect-ratio\"><div class=\"wp-block-embed__wrapper\">\n<iframe loading=\"lazy\" title=\"NAPPE SONORE - portrait\" width=\"780\" height=\"439\" src=\"https:\/\/www.youtube.com\/embed\/Zsr58lGVusU?feature=oembed\" frameborder=\"0\" allow=\"accelerometer; autoplay; clipboard-write; encrypted-media; gyroscope; picture-in-picture; web-share\" referrerpolicy=\"strict-origin-when-cross-origin\" allowfullscreen><\/iframe>\n<\/div><\/figure>\n\n\n\n<p><\/p>\n","protected":false},"excerpt":{"rendered":"<p>HISTOIRE DU BOUC 20 minutes 30 \u2013&nbsp;DOCU-FICTION assistante r\u00e9alisatrice Un bouc errant dans une ville sans nom, un fant\u00f4me&nbsp;qui hante les automobilistes, un diable et un paysan,&nbsp;une animatrice radio et un ch\u0153ur de mineurs polonais.&nbsp;Il y a aussi une autre histoire qui se raconte en arri\u00e8re-plan :&nbsp;celle d\u2019Usinor, dont la fermeture \u00e0&nbsp;la fin des ann\u00e9es &hellip; <\/p>\n","protected":false},"author":1,"featured_media":872,"parent":0,"menu_order":0,"comment_status":"closed","ping_status":"closed","template":"","meta":{"footnotes":""},"class_list":["post-211","page","type-page","status-publish","has-post-thumbnail","hentry"],"yoast_head":"<!-- This site is optimized with the Yoast SEO plugin v23.1 - https:\/\/yoast.com\/wordpress\/plugins\/seo\/ -->\n<title>DOCUMENTAIRES - RISLANE HAKYM<\/title>\n<meta name=\"description\" content=\"documentaires\" \/>\n<meta name=\"robots\" content=\"index, follow, max-snippet:-1, max-image-preview:large, max-video-preview:-1\" \/>\n<link rel=\"canonical\" href=\"https:\/\/www.rislanehakym.fr\/index.php\/documentaires\/\" \/>\n<meta property=\"og:locale\" content=\"fr_FR\" \/>\n<meta property=\"og:type\" content=\"article\" \/>\n<meta property=\"og:title\" content=\"DOCUMENTAIRES - RISLANE HAKYM\" \/>\n<meta property=\"og:description\" content=\"documentaires\" \/>\n<meta property=\"og:url\" content=\"https:\/\/www.rislanehakym.fr\/index.php\/documentaires\/\" \/>\n<meta property=\"og:site_name\" content=\"RISLANE HAKYM\" \/>\n<meta property=\"article:modified_time\" content=\"2026-03-27T14:36:27+00:00\" \/>\n<meta property=\"og:image\" content=\"https:\/\/www.rislanehakym.fr\/wp-content\/uploads\/2024\/09\/bar-.jpg\" \/>\n\t<meta property=\"og:image:width\" content=\"1365\" \/>\n\t<meta property=\"og:image:height\" content=\"479\" \/>\n\t<meta property=\"og:image:type\" content=\"image\/jpeg\" \/>\n<meta name=\"twitter:card\" content=\"summary_large_image\" \/>\n<meta name=\"twitter:label1\" content=\"Dur\u00e9e de lecture estim\u00e9e\" \/>\n\t<meta name=\"twitter:data1\" content=\"3 minutes\" \/>\n<script type=\"application\/ld+json\" class=\"yoast-schema-graph\">{\"@context\":\"https:\/\/schema.org\",\"@graph\":[{\"@type\":\"WebPage\",\"@id\":\"https:\/\/www.rislanehakym.fr\/index.php\/documentaires\/\",\"url\":\"https:\/\/www.rislanehakym.fr\/index.php\/documentaires\/\",\"name\":\"DOCUMENTAIRES - RISLANE HAKYM\",\"isPartOf\":{\"@id\":\"https:\/\/www.rislanehakym.fr\/#website\"},\"primaryImageOfPage\":{\"@id\":\"https:\/\/www.rislanehakym.fr\/index.php\/documentaires\/#primaryimage\"},\"image\":{\"@id\":\"https:\/\/www.rislanehakym.fr\/index.php\/documentaires\/#primaryimage\"},\"thumbnailUrl\":\"https:\/\/www.rislanehakym.fr\/wp-content\/uploads\/2024\/09\/bar-.jpg\",\"datePublished\":\"2021-12-12T19:47:54+00:00\",\"dateModified\":\"2026-03-27T14:36:27+00:00\",\"description\":\"documentaires\",\"breadcrumb\":{\"@id\":\"https:\/\/www.rislanehakym.fr\/index.php\/documentaires\/#breadcrumb\"},\"inLanguage\":\"fr-FR\",\"potentialAction\":[{\"@type\":\"ReadAction\",\"target\":[\"https:\/\/www.rislanehakym.fr\/index.php\/documentaires\/\"]}]},{\"@type\":\"ImageObject\",\"inLanguage\":\"fr-FR\",\"@id\":\"https:\/\/www.rislanehakym.fr\/index.php\/documentaires\/#primaryimage\",\"url\":\"https:\/\/www.rislanehakym.fr\/wp-content\/uploads\/2024\/09\/bar-.jpg\",\"contentUrl\":\"https:\/\/www.rislanehakym.fr\/wp-content\/uploads\/2024\/09\/bar-.jpg\",\"width\":1365,\"height\":479},{\"@type\":\"BreadcrumbList\",\"@id\":\"https:\/\/www.rislanehakym.fr\/index.php\/documentaires\/#breadcrumb\",\"itemListElement\":[{\"@type\":\"ListItem\",\"position\":1,\"name\":\"Accueil\",\"item\":\"https:\/\/www.rislanehakym.fr\/\"},{\"@type\":\"ListItem\",\"position\":2,\"name\":\"DOCUMENTAIRES\"}]},{\"@type\":\"WebSite\",\"@id\":\"https:\/\/www.rislanehakym.fr\/#website\",\"url\":\"https:\/\/www.rislanehakym.fr\/\",\"name\":\"Rislane HAKYM\",\"description\":\"\",\"publisher\":{\"@id\":\"https:\/\/www.rislanehakym.fr\/#organization\"},\"potentialAction\":[{\"@type\":\"SearchAction\",\"target\":{\"@type\":\"EntryPoint\",\"urlTemplate\":\"https:\/\/www.rislanehakym.fr\/?s={search_term_string}\"},\"query-input\":\"required name=search_term_string\"}],\"inLanguage\":\"fr-FR\"},{\"@type\":\"Organization\",\"@id\":\"https:\/\/www.rislanehakym.fr\/#organization\",\"name\":\"Rislane HAKYM\",\"url\":\"https:\/\/www.rislanehakym.fr\/\",\"logo\":{\"@type\":\"ImageObject\",\"inLanguage\":\"fr-FR\",\"@id\":\"https:\/\/www.rislanehakym.fr\/#\/schema\/logo\/image\/\",\"url\":\"https:\/\/www.rislanehakym.fr\/wp-content\/uploads\/2025\/10\/adhoc.jpg\",\"contentUrl\":\"https:\/\/www.rislanehakym.fr\/wp-content\/uploads\/2025\/10\/adhoc.jpg\",\"width\":2000,\"height\":1008,\"caption\":\"Rislane HAKYM\"},\"image\":{\"@id\":\"https:\/\/www.rislanehakym.fr\/#\/schema\/logo\/image\/\"}}]}<\/script>\n<!-- \/ Yoast SEO plugin. -->","yoast_head_json":{"title":"DOCUMENTAIRES - RISLANE HAKYM","description":"documentaires","robots":{"index":"index","follow":"follow","max-snippet":"max-snippet:-1","max-image-preview":"max-image-preview:large","max-video-preview":"max-video-preview:-1"},"canonical":"https:\/\/www.rislanehakym.fr\/index.php\/documentaires\/","og_locale":"fr_FR","og_type":"article","og_title":"DOCUMENTAIRES - RISLANE HAKYM","og_description":"documentaires","og_url":"https:\/\/www.rislanehakym.fr\/index.php\/documentaires\/","og_site_name":"RISLANE HAKYM","article_modified_time":"2026-03-27T14:36:27+00:00","og_image":[{"width":1365,"height":479,"url":"https:\/\/www.rislanehakym.fr\/wp-content\/uploads\/2024\/09\/bar-.jpg","type":"image\/jpeg"}],"twitter_card":"summary_large_image","twitter_misc":{"Dur\u00e9e de lecture estim\u00e9e":"3 minutes"},"schema":{"@context":"https:\/\/schema.org","@graph":[{"@type":"WebPage","@id":"https:\/\/www.rislanehakym.fr\/index.php\/documentaires\/","url":"https:\/\/www.rislanehakym.fr\/index.php\/documentaires\/","name":"DOCUMENTAIRES - RISLANE HAKYM","isPartOf":{"@id":"https:\/\/www.rislanehakym.fr\/#website"},"primaryImageOfPage":{"@id":"https:\/\/www.rislanehakym.fr\/index.php\/documentaires\/#primaryimage"},"image":{"@id":"https:\/\/www.rislanehakym.fr\/index.php\/documentaires\/#primaryimage"},"thumbnailUrl":"https:\/\/www.rislanehakym.fr\/wp-content\/uploads\/2024\/09\/bar-.jpg","datePublished":"2021-12-12T19:47:54+00:00","dateModified":"2026-03-27T14:36:27+00:00","description":"documentaires","breadcrumb":{"@id":"https:\/\/www.rislanehakym.fr\/index.php\/documentaires\/#breadcrumb"},"inLanguage":"fr-FR","potentialAction":[{"@type":"ReadAction","target":["https:\/\/www.rislanehakym.fr\/index.php\/documentaires\/"]}]},{"@type":"ImageObject","inLanguage":"fr-FR","@id":"https:\/\/www.rislanehakym.fr\/index.php\/documentaires\/#primaryimage","url":"https:\/\/www.rislanehakym.fr\/wp-content\/uploads\/2024\/09\/bar-.jpg","contentUrl":"https:\/\/www.rislanehakym.fr\/wp-content\/uploads\/2024\/09\/bar-.jpg","width":1365,"height":479},{"@type":"BreadcrumbList","@id":"https:\/\/www.rislanehakym.fr\/index.php\/documentaires\/#breadcrumb","itemListElement":[{"@type":"ListItem","position":1,"name":"Accueil","item":"https:\/\/www.rislanehakym.fr\/"},{"@type":"ListItem","position":2,"name":"DOCUMENTAIRES"}]},{"@type":"WebSite","@id":"https:\/\/www.rislanehakym.fr\/#website","url":"https:\/\/www.rislanehakym.fr\/","name":"Rislane HAKYM","description":"","publisher":{"@id":"https:\/\/www.rislanehakym.fr\/#organization"},"potentialAction":[{"@type":"SearchAction","target":{"@type":"EntryPoint","urlTemplate":"https:\/\/www.rislanehakym.fr\/?s={search_term_string}"},"query-input":"required name=search_term_string"}],"inLanguage":"fr-FR"},{"@type":"Organization","@id":"https:\/\/www.rislanehakym.fr\/#organization","name":"Rislane HAKYM","url":"https:\/\/www.rislanehakym.fr\/","logo":{"@type":"ImageObject","inLanguage":"fr-FR","@id":"https:\/\/www.rislanehakym.fr\/#\/schema\/logo\/image\/","url":"https:\/\/www.rislanehakym.fr\/wp-content\/uploads\/2025\/10\/adhoc.jpg","contentUrl":"https:\/\/www.rislanehakym.fr\/wp-content\/uploads\/2025\/10\/adhoc.jpg","width":2000,"height":1008,"caption":"Rislane HAKYM"},"image":{"@id":"https:\/\/www.rislanehakym.fr\/#\/schema\/logo\/image\/"}}]}},"_links":{"self":[{"href":"https:\/\/www.rislanehakym.fr\/index.php\/wp-json\/wp\/v2\/pages\/211","targetHints":{"allow":["GET"]}}],"collection":[{"href":"https:\/\/www.rislanehakym.fr\/index.php\/wp-json\/wp\/v2\/pages"}],"about":[{"href":"https:\/\/www.rislanehakym.fr\/index.php\/wp-json\/wp\/v2\/types\/page"}],"author":[{"embeddable":true,"href":"https:\/\/www.rislanehakym.fr\/index.php\/wp-json\/wp\/v2\/users\/1"}],"replies":[{"embeddable":true,"href":"https:\/\/www.rislanehakym.fr\/index.php\/wp-json\/wp\/v2\/comments?post=211"}],"version-history":[{"count":39,"href":"https:\/\/www.rislanehakym.fr\/index.php\/wp-json\/wp\/v2\/pages\/211\/revisions"}],"predecessor-version":[{"id":1223,"href":"https:\/\/www.rislanehakym.fr\/index.php\/wp-json\/wp\/v2\/pages\/211\/revisions\/1223"}],"wp:featuredmedia":[{"embeddable":true,"href":"https:\/\/www.rislanehakym.fr\/index.php\/wp-json\/wp\/v2\/media\/872"}],"wp:attachment":[{"href":"https:\/\/www.rislanehakym.fr\/index.php\/wp-json\/wp\/v2\/media?parent=211"}],"curies":[{"name":"wp","href":"https:\/\/api.w.org\/{rel}","templated":true}]}}