{"id":2,"date":"2021-11-17T17:30:02","date_gmt":"2021-11-17T16:30:02","guid":{"rendered":"http:\/\/www.rislanehakym.ecrituresinteractiv.es\/?page_id=2"},"modified":"2025-04-22T21:18:42","modified_gmt":"2025-04-22T19:18:42","slug":"a-propos","status":"publish","type":"page","link":"https:\/\/www.rislanehakym.fr\/index.php\/a-propos\/","title":{"rendered":"MON PARCOURS"},"content":{"rendered":"\n<p>Titulaire d&rsquo;un\u00a0baccalaur\u00e9at\u00a0litt\u00e9raire option cin\u00e9ma-audiovisuel<strong>,<\/strong>\u00a0d&rsquo;un\u00a0BTS Audiovisuel option\u00a0image et d&rsquo;une\u00a0licence professionnelle \u00ab\u00a0<em>techniques journalistiques pour les nouveaux m\u00e9dias<\/em>\u00ab\u00a0, je voue une r\u00e9elle passion \u00e0 l&rsquo;art cin\u00e9matographique.\u00a0<\/p>\n\n\n\n<p>Fabriquer des images puis les monter, capter les r\u00e9cits des autres, fa\u00e7onner des voix; ces app\u00e9tences sont au c\u0153ur de ma pratique. J&rsquo;aime \u00eatre polyvalente et \u00e0 l&rsquo;initiative de projets\u00a0de natures vari\u00e9es, filmiques, sonores&#8230;<\/p>\n\n\n\n<p>Mon int\u00e9r\u00eat grandissant envers le cin\u00e9ma du r\u00e9el, m&rsquo;a men\u00e9e \u00e0 int\u00e9grer le Master CREADOC (\u00e9criture et r\u00e9alisation documentaire) en 2023.<\/p>\n\n\n\n<p><\/p>\n\n\n\n<div style=\"height:100px\" aria-hidden=\"true\" class=\"wp-block-spacer\"><\/div>\n\n\n\n<div class=\"wp-block-contact-form-7-contact-form-selector\"><div role=\"form\" class=\"wpcf7\" id=\"wpcf7-f397-o1\" lang=\"fr-FR\" dir=\"ltr\">\n<div class=\"screen-reader-response\"><p role=\"status\" aria-live=\"polite\" aria-atomic=\"true\"><\/p> <ul><\/ul><\/div>\n<form action=\"\/index.php\/wp-json\/wp\/v2\/pages\/2#wpcf7-f397-o1\" method=\"post\" class=\"wpcf7-form init\" novalidate=\"novalidate\" data-status=\"init\">\n<div style=\"display: none;\">\n<input type=\"hidden\" name=\"_wpcf7\" value=\"397\" \/>\n<input type=\"hidden\" name=\"_wpcf7_version\" value=\"5.5.3\" \/>\n<input type=\"hidden\" name=\"_wpcf7_locale\" value=\"fr_FR\" \/>\n<input type=\"hidden\" name=\"_wpcf7_unit_tag\" value=\"wpcf7-f397-o1\" \/>\n<input type=\"hidden\" name=\"_wpcf7_container_post\" value=\"0\" \/>\n<input type=\"hidden\" name=\"_wpcf7_posted_data_hash\" value=\"\" \/>\n<\/div>\n<p><label> Votre nom<br \/>\n    <span class=\"wpcf7-form-control-wrap your-name\"><input type=\"text\" name=\"your-name\" value=\"\" size=\"40\" class=\"wpcf7-form-control wpcf7-text wpcf7-validates-as-required\" aria-required=\"true\" aria-invalid=\"false\" \/><\/span> <\/label><\/p>\n<p><label> Votre e-mail<br \/>\n    <span class=\"wpcf7-form-control-wrap your-email\"><input type=\"email\" name=\"your-email\" value=\"\" size=\"40\" class=\"wpcf7-form-control wpcf7-text wpcf7-email wpcf7-validates-as-required wpcf7-validates-as-email\" aria-required=\"true\" aria-invalid=\"false\" \/><\/span> <\/label><\/p>\n<p><label> Objet<br \/>\n    <span class=\"wpcf7-form-control-wrap your-subject\"><input type=\"text\" name=\"your-subject\" value=\"\" size=\"40\" class=\"wpcf7-form-control wpcf7-text wpcf7-validates-as-required\" aria-required=\"true\" aria-invalid=\"false\" \/><\/span> <\/label><\/p>\n<p><label> Votre message (facultatif)<br \/>\n    <span class=\"wpcf7-form-control-wrap your-message\"><textarea name=\"your-message\" cols=\"40\" rows=\"10\" class=\"wpcf7-form-control wpcf7-textarea\" aria-invalid=\"false\"><\/textarea><\/span> <\/label><\/p>\n<p><input type=\"submit\" value=\"Envoyer\" class=\"wpcf7-form-control has-spinner wpcf7-submit\" \/><\/p>\n<div class=\"wpcf7-response-output\" aria-hidden=\"true\"><\/div><\/form><\/div><\/div>\n","protected":false},"excerpt":{"rendered":"<p>Titulaire d&rsquo;un\u00a0baccalaur\u00e9at\u00a0litt\u00e9raire option cin\u00e9ma-audiovisuel,\u00a0d&rsquo;un\u00a0BTS Audiovisuel option\u00a0image et d&rsquo;une\u00a0licence professionnelle \u00ab\u00a0techniques journalistiques pour les nouveaux m\u00e9dias\u00ab\u00a0, je voue une r\u00e9elle passion \u00e0 l&rsquo;art cin\u00e9matographique.\u00a0 Fabriquer des images puis les monter, capter les r\u00e9cits des autres, fa\u00e7onner des voix; ces app\u00e9tences sont au c\u0153ur de ma pratique. J&rsquo;aime \u00eatre polyvalente et \u00e0 l&rsquo;initiative de projets\u00a0de natures vari\u00e9es, &hellip; <\/p>\n","protected":false},"author":1,"featured_media":912,"parent":0,"menu_order":0,"comment_status":"closed","ping_status":"open","template":"","meta":{"footnotes":""},"class_list":["post-2","page","type-page","status-publish","has-post-thumbnail","hentry"],"yoast_head":"<!-- This site is optimized with the Yoast SEO plugin v23.1 - https:\/\/yoast.com\/wordpress\/plugins\/seo\/ -->\n<title>MON PARCOURS - RISLANE HAKYM<\/title>\n<meta name=\"robots\" content=\"index, follow, max-snippet:-1, max-image-preview:large, max-video-preview:-1\" \/>\n<link rel=\"canonical\" href=\"https:\/\/www.rislanehakym.fr\/index.php\/a-propos\/\" \/>\n<meta property=\"og:locale\" content=\"fr_FR\" \/>\n<meta property=\"og:type\" content=\"article\" \/>\n<meta property=\"og:title\" content=\"MON PARCOURS - RISLANE HAKYM\" \/>\n<meta property=\"og:description\" content=\"Titulaire d&rsquo;un\u00a0baccalaur\u00e9at\u00a0litt\u00e9raire option cin\u00e9ma-audiovisuel,\u00a0d&rsquo;un\u00a0BTS Audiovisuel option\u00a0image et d&rsquo;une\u00a0licence professionnelle \u00ab\u00a0techniques journalistiques pour les nouveaux m\u00e9dias\u00ab\u00a0, je voue une r\u00e9elle passion \u00e0 l&rsquo;art cin\u00e9matographique.\u00a0 Fabriquer des images puis les monter, capter les r\u00e9cits des autres, fa\u00e7onner des voix; ces app\u00e9tences sont au c\u0153ur de ma pratique. J&rsquo;aime \u00eatre polyvalente et \u00e0 l&rsquo;initiative de projets\u00a0de natures vari\u00e9es, &hellip;\" \/>\n<meta property=\"og:url\" content=\"https:\/\/www.rislanehakym.fr\/index.php\/a-propos\/\" \/>\n<meta property=\"og:site_name\" content=\"RISLANE HAKYM\" \/>\n<meta property=\"article:modified_time\" content=\"2025-04-22T19:18:42+00:00\" \/>\n<meta property=\"og:image\" content=\"https:\/\/www.rislanehakym.fr\/wp-content\/uploads\/2024\/10\/adhoc-e1729964560552.jpg\" \/>\n\t<meta property=\"og:image:width\" content=\"2000\" \/>\n\t<meta property=\"og:image:height\" content=\"660\" \/>\n\t<meta property=\"og:image:type\" content=\"image\/jpeg\" \/>\n<meta name=\"twitter:card\" content=\"summary_large_image\" \/>\n<meta name=\"twitter:label1\" content=\"Dur\u00e9e de lecture estim\u00e9e\" \/>\n\t<meta name=\"twitter:data1\" content=\"1 minute\" \/>\n<script type=\"application\/ld+json\" class=\"yoast-schema-graph\">{\"@context\":\"https:\/\/schema.org\",\"@graph\":[{\"@type\":\"WebPage\",\"@id\":\"https:\/\/www.rislanehakym.fr\/index.php\/a-propos\/\",\"url\":\"https:\/\/www.rislanehakym.fr\/index.php\/a-propos\/\",\"name\":\"MON PARCOURS - RISLANE HAKYM\",\"isPartOf\":{\"@id\":\"https:\/\/www.rislanehakym.fr\/#website\"},\"primaryImageOfPage\":{\"@id\":\"https:\/\/www.rislanehakym.fr\/index.php\/a-propos\/#primaryimage\"},\"image\":{\"@id\":\"https:\/\/www.rislanehakym.fr\/index.php\/a-propos\/#primaryimage\"},\"thumbnailUrl\":\"https:\/\/www.rislanehakym.fr\/wp-content\/uploads\/2024\/10\/adhoc-e1729964560552.jpg\",\"datePublished\":\"2021-11-17T16:30:02+00:00\",\"dateModified\":\"2025-04-22T19:18:42+00:00\",\"breadcrumb\":{\"@id\":\"https:\/\/www.rislanehakym.fr\/index.php\/a-propos\/#breadcrumb\"},\"inLanguage\":\"fr-FR\",\"potentialAction\":[{\"@type\":\"ReadAction\",\"target\":[\"https:\/\/www.rislanehakym.fr\/index.php\/a-propos\/\"]}]},{\"@type\":\"ImageObject\",\"inLanguage\":\"fr-FR\",\"@id\":\"https:\/\/www.rislanehakym.fr\/index.php\/a-propos\/#primaryimage\",\"url\":\"https:\/\/www.rislanehakym.fr\/wp-content\/uploads\/2024\/10\/adhoc-e1729964560552.jpg\",\"contentUrl\":\"https:\/\/www.rislanehakym.fr\/wp-content\/uploads\/2024\/10\/adhoc-e1729964560552.jpg\",\"width\":2000,\"height\":660},{\"@type\":\"BreadcrumbList\",\"@id\":\"https:\/\/www.rislanehakym.fr\/index.php\/a-propos\/#breadcrumb\",\"itemListElement\":[{\"@type\":\"ListItem\",\"position\":1,\"name\":\"Accueil\",\"item\":\"https:\/\/www.rislanehakym.fr\/\"},{\"@type\":\"ListItem\",\"position\":2,\"name\":\"MON PARCOURS\"}]},{\"@type\":\"WebSite\",\"@id\":\"https:\/\/www.rislanehakym.fr\/#website\",\"url\":\"https:\/\/www.rislanehakym.fr\/\",\"name\":\"Rislane HAKYM\",\"description\":\"\",\"publisher\":{\"@id\":\"https:\/\/www.rislanehakym.fr\/#organization\"},\"potentialAction\":[{\"@type\":\"SearchAction\",\"target\":{\"@type\":\"EntryPoint\",\"urlTemplate\":\"https:\/\/www.rislanehakym.fr\/?s={search_term_string}\"},\"query-input\":\"required name=search_term_string\"}],\"inLanguage\":\"fr-FR\"},{\"@type\":\"Organization\",\"@id\":\"https:\/\/www.rislanehakym.fr\/#organization\",\"name\":\"Rislane HAKYM\",\"url\":\"https:\/\/www.rislanehakym.fr\/\",\"logo\":{\"@type\":\"ImageObject\",\"inLanguage\":\"fr-FR\",\"@id\":\"https:\/\/www.rislanehakym.fr\/#\/schema\/logo\/image\/\",\"url\":\"https:\/\/www.rislanehakym.fr\/wp-content\/uploads\/2025\/10\/adhoc.jpg\",\"contentUrl\":\"https:\/\/www.rislanehakym.fr\/wp-content\/uploads\/2025\/10\/adhoc.jpg\",\"width\":2000,\"height\":1008,\"caption\":\"Rislane HAKYM\"},\"image\":{\"@id\":\"https:\/\/www.rislanehakym.fr\/#\/schema\/logo\/image\/\"}}]}<\/script>\n<!-- \/ Yoast SEO plugin. -->","yoast_head_json":{"title":"MON PARCOURS - RISLANE HAKYM","robots":{"index":"index","follow":"follow","max-snippet":"max-snippet:-1","max-image-preview":"max-image-preview:large","max-video-preview":"max-video-preview:-1"},"canonical":"https:\/\/www.rislanehakym.fr\/index.php\/a-propos\/","og_locale":"fr_FR","og_type":"article","og_title":"MON PARCOURS - RISLANE HAKYM","og_description":"Titulaire d&rsquo;un\u00a0baccalaur\u00e9at\u00a0litt\u00e9raire option cin\u00e9ma-audiovisuel,\u00a0d&rsquo;un\u00a0BTS Audiovisuel option\u00a0image et d&rsquo;une\u00a0licence professionnelle \u00ab\u00a0techniques journalistiques pour les nouveaux m\u00e9dias\u00ab\u00a0, je voue une r\u00e9elle passion \u00e0 l&rsquo;art cin\u00e9matographique.\u00a0 Fabriquer des images puis les monter, capter les r\u00e9cits des autres, fa\u00e7onner des voix; ces app\u00e9tences sont au c\u0153ur de ma pratique. J&rsquo;aime \u00eatre polyvalente et \u00e0 l&rsquo;initiative de projets\u00a0de natures vari\u00e9es, &hellip;","og_url":"https:\/\/www.rislanehakym.fr\/index.php\/a-propos\/","og_site_name":"RISLANE HAKYM","article_modified_time":"2025-04-22T19:18:42+00:00","og_image":[{"width":2000,"height":660,"url":"https:\/\/www.rislanehakym.fr\/wp-content\/uploads\/2024\/10\/adhoc-e1729964560552.jpg","type":"image\/jpeg"}],"twitter_card":"summary_large_image","twitter_misc":{"Dur\u00e9e de lecture estim\u00e9e":"1 minute"},"schema":{"@context":"https:\/\/schema.org","@graph":[{"@type":"WebPage","@id":"https:\/\/www.rislanehakym.fr\/index.php\/a-propos\/","url":"https:\/\/www.rislanehakym.fr\/index.php\/a-propos\/","name":"MON PARCOURS - RISLANE HAKYM","isPartOf":{"@id":"https:\/\/www.rislanehakym.fr\/#website"},"primaryImageOfPage":{"@id":"https:\/\/www.rislanehakym.fr\/index.php\/a-propos\/#primaryimage"},"image":{"@id":"https:\/\/www.rislanehakym.fr\/index.php\/a-propos\/#primaryimage"},"thumbnailUrl":"https:\/\/www.rislanehakym.fr\/wp-content\/uploads\/2024\/10\/adhoc-e1729964560552.jpg","datePublished":"2021-11-17T16:30:02+00:00","dateModified":"2025-04-22T19:18:42+00:00","breadcrumb":{"@id":"https:\/\/www.rislanehakym.fr\/index.php\/a-propos\/#breadcrumb"},"inLanguage":"fr-FR","potentialAction":[{"@type":"ReadAction","target":["https:\/\/www.rislanehakym.fr\/index.php\/a-propos\/"]}]},{"@type":"ImageObject","inLanguage":"fr-FR","@id":"https:\/\/www.rislanehakym.fr\/index.php\/a-propos\/#primaryimage","url":"https:\/\/www.rislanehakym.fr\/wp-content\/uploads\/2024\/10\/adhoc-e1729964560552.jpg","contentUrl":"https:\/\/www.rislanehakym.fr\/wp-content\/uploads\/2024\/10\/adhoc-e1729964560552.jpg","width":2000,"height":660},{"@type":"BreadcrumbList","@id":"https:\/\/www.rislanehakym.fr\/index.php\/a-propos\/#breadcrumb","itemListElement":[{"@type":"ListItem","position":1,"name":"Accueil","item":"https:\/\/www.rislanehakym.fr\/"},{"@type":"ListItem","position":2,"name":"MON PARCOURS"}]},{"@type":"WebSite","@id":"https:\/\/www.rislanehakym.fr\/#website","url":"https:\/\/www.rislanehakym.fr\/","name":"Rislane HAKYM","description":"","publisher":{"@id":"https:\/\/www.rislanehakym.fr\/#organization"},"potentialAction":[{"@type":"SearchAction","target":{"@type":"EntryPoint","urlTemplate":"https:\/\/www.rislanehakym.fr\/?s={search_term_string}"},"query-input":"required name=search_term_string"}],"inLanguage":"fr-FR"},{"@type":"Organization","@id":"https:\/\/www.rislanehakym.fr\/#organization","name":"Rislane HAKYM","url":"https:\/\/www.rislanehakym.fr\/","logo":{"@type":"ImageObject","inLanguage":"fr-FR","@id":"https:\/\/www.rislanehakym.fr\/#\/schema\/logo\/image\/","url":"https:\/\/www.rislanehakym.fr\/wp-content\/uploads\/2025\/10\/adhoc.jpg","contentUrl":"https:\/\/www.rislanehakym.fr\/wp-content\/uploads\/2025\/10\/adhoc.jpg","width":2000,"height":1008,"caption":"Rislane HAKYM"},"image":{"@id":"https:\/\/www.rislanehakym.fr\/#\/schema\/logo\/image\/"}}]}},"_links":{"self":[{"href":"https:\/\/www.rislanehakym.fr\/index.php\/wp-json\/wp\/v2\/pages\/2","targetHints":{"allow":["GET"]}}],"collection":[{"href":"https:\/\/www.rislanehakym.fr\/index.php\/wp-json\/wp\/v2\/pages"}],"about":[{"href":"https:\/\/www.rislanehakym.fr\/index.php\/wp-json\/wp\/v2\/types\/page"}],"author":[{"embeddable":true,"href":"https:\/\/www.rislanehakym.fr\/index.php\/wp-json\/wp\/v2\/users\/1"}],"replies":[{"embeddable":true,"href":"https:\/\/www.rislanehakym.fr\/index.php\/wp-json\/wp\/v2\/comments?post=2"}],"version-history":[{"count":74,"href":"https:\/\/www.rislanehakym.fr\/index.php\/wp-json\/wp\/v2\/pages\/2\/revisions"}],"predecessor-version":[{"id":1036,"href":"https:\/\/www.rislanehakym.fr\/index.php\/wp-json\/wp\/v2\/pages\/2\/revisions\/1036"}],"wp:featuredmedia":[{"embeddable":true,"href":"https:\/\/www.rislanehakym.fr\/index.php\/wp-json\/wp\/v2\/media\/912"}],"wp:attachment":[{"href":"https:\/\/www.rislanehakym.fr\/index.php\/wp-json\/wp\/v2\/media?parent=2"}],"curies":[{"name":"wp","href":"https:\/\/api.w.org\/{rel}","templated":true}]}}